{"id":631,"date":"2021-03-24T10:03:33","date_gmt":"2021-03-24T10:03:33","guid":{"rendered":"https:\/\/garbo.group\/index.php\/producto\/bicycle-helmet-red\/"},"modified":"2022-06-18T17:08:14","modified_gmt":"2022-06-18T17:08:14","slug":"bicycle-helmet-red","status":"publish","type":"product","link":"https:\/\/garbo.group\/index.php\/producto\/bicycle-helmet-red\/","title":{"rendered":"Copia II (Naranja\/Azul)"},"content":{"rendered":"<div class=\"view-container productview-container1\">\n<div class=\"productview-containerWithImage\">\n<div class=\"productview-containerNameDescription\">\n<div class=\"product attribute description\">\n<div class=\"value\">\n<p id=\"tw-target-text\" class=\"tw-data-text tw-text-large XcVN5d tw-ta\" dir=\"ltr\" data-placeholder=\"Traducci\u00f3n\"><span lang=\"es\">De norte a sur, asociaciones, equipos, entrenadores y programas infantiles est\u00e1n adoptando WILSON\u00ae como la marca oficial del deporte m\u00e1s querido del mundo. Nuestras pelotas se producen con los materiales y tecnolog\u00edas m\u00e1s avanzados, para promover un alto rendimiento con cada pase, patada o control de la pelota.<\/span><\/p>\n<\/div>\n<\/div>\n<\/div>\n<\/div>\n<\/div>\n<div class=\"view-container productview-container2\"><\/div>\n","protected":false},"excerpt":{"rendered":"<div class=\"view-container productview-container1\">\n<div class=\"productview-containerWithImage\">\n<div class=\"productview-containerNameDescription\">\n<div class=\"product attribute description\">\n<div class=\"value\">\n<p id=\"tw-target-text\" class=\"tw-data-text tw-text-large XcVN5d tw-ta\" dir=\"ltr\" data-placeholder=\"Traducci\u00f3n\"><span lang=\"es\">De norte a sur, asociaciones, equipos, entrenadores y programas infantiles est\u00e1n adoptando WILSON\u00ae como la marca oficial del deporte m\u00e1s querido del mundo. Nuestras pelotas se producen con los materiales y tecnolog\u00edas m\u00e1s avanzados, para promover un alto rendimiento con cada pase, patada o control de la pelota.<\/span><\/p>\n<\/div>\n<\/div>\n<\/div>\n<\/div>\n<\/div>\n<div class=\"view-container productview-container2\"><\/div>\n","protected":false},"featured_media":1325,"comment_status":"open","ping_status":"closed","template":"","meta":{"om_disable_all_campaigns":false,"_monsterinsights_skip_tracking":false,"_monsterinsights_sitenote_active":false,"_monsterinsights_sitenote_note":"","_monsterinsights_sitenote_category":0,"site-sidebar-layout":"default","site-content-layout":"default","ast-site-content-layout":"default","site-content-style":"default","site-sidebar-style":"default","ast-global-header-display":"","ast-banner-title-visibility":"","ast-main-header-display":"","ast-hfb-above-header-display":"","ast-hfb-below-header-display":"","ast-hfb-mobile-header-display":"","site-post-title":"disabled","ast-breadcrumbs-content":"disabled","ast-featured-img":"","footer-sml-layout":"","ast-disable-related-posts":"","theme-transparent-header-meta":"default","adv-header-id-meta":"","stick-header-meta":"","header-above-stick-meta":"","header-main-stick-meta":"","header-below-stick-meta":"","astra-migrate-meta-layouts":"default","ast-page-background-enabled":"default","ast-page-background-meta":{"desktop":{"background-color":"var(--ast-global-color-4)","background-image":"","background-repeat":"repeat","background-position":"center center","background-size":"auto","background-attachment":"scroll","background-type":"","background-media":"","overlay-type":"","overlay-color":"","overlay-opacity":"","overlay-gradient":""},"tablet":{"background-color":"","background-image":"","background-repeat":"repeat","background-position":"center center","background-size":"auto","background-attachment":"scroll","background-type":"","background-media":"","overlay-type":"","overlay-color":"","overlay-opacity":"","overlay-gradient":""},"mobile":{"background-color":"","background-image":"","background-repeat":"repeat","background-position":"center center","background-size":"auto","background-attachment":"scroll","background-type":"","background-media":"","overlay-type":"","overlay-color":"","overlay-opacity":"","overlay-gradient":""}},"ast-content-background-meta":{"desktop":{"background-color":"var(--ast-global-color-5)","background-image":"","background-repeat":"repeat","background-position":"center center","background-size":"auto","background-attachment":"scroll","background-type":"","background-media":"","overlay-type":"","overlay-color":"","overlay-opacity":"","overlay-gradient":""},"tablet":{"background-color":"var(--ast-global-color-5)","background-image":"","background-repeat":"repeat","background-position":"center center","background-size":"auto","background-attachment":"scroll","background-type":"","background-media":"","overlay-type":"","overlay-color":"","overlay-opacity":"","overlay-gradient":""},"mobile":{"background-color":"var(--ast-global-color-5)","background-image":"","background-repeat":"repeat","background-position":"center center","background-size":"auto","background-attachment":"scroll","background-type":"","background-media":"","overlay-type":"","overlay-color":"","overlay-opacity":"","overlay-gradient":""}}},"product_brand":[],"product_cat":[28],"product_tag":[],"class_list":{"0":"post-631","1":"product","2":"type-product","3":"status-publish","4":"has-post-thumbnail","6":"product_cat-balon-de-futbol","7":"desktop-align-left","8":"tablet-align-left","9":"mobile-align-left","11":"first","12":"instock","13":"taxable","14":"shipping-taxable","15":"purchasable","16":"product-type-simple"},"aioseo_notices":[],"_links":{"self":[{"href":"https:\/\/garbo.group\/index.php\/wp-json\/wp\/v2\/product\/631","targetHints":{"allow":["GET"]}}],"collection":[{"href":"https:\/\/garbo.group\/index.php\/wp-json\/wp\/v2\/product"}],"about":[{"href":"https:\/\/garbo.group\/index.php\/wp-json\/wp\/v2\/types\/product"}],"replies":[{"embeddable":true,"href":"https:\/\/garbo.group\/index.php\/wp-json\/wp\/v2\/comments?post=631"}],"version-history":[{"count":1,"href":"https:\/\/garbo.group\/index.php\/wp-json\/wp\/v2\/product\/631\/revisions"}],"predecessor-version":[{"id":1324,"href":"https:\/\/garbo.group\/index.php\/wp-json\/wp\/v2\/product\/631\/revisions\/1324"}],"wp:featuredmedia":[{"embeddable":true,"href":"https:\/\/garbo.group\/index.php\/wp-json\/wp\/v2\/media\/1325"}],"wp:attachment":[{"href":"https:\/\/garbo.group\/index.php\/wp-json\/wp\/v2\/media?parent=631"}],"wp:term":[{"taxonomy":"product_brand","embeddable":true,"href":"https:\/\/garbo.group\/index.php\/wp-json\/wp\/v2\/product_brand?post=631"},{"taxonomy":"product_cat","embeddable":true,"href":"https:\/\/garbo.group\/index.php\/wp-json\/wp\/v2\/product_cat?post=631"},{"taxonomy":"product_tag","embeddable":true,"href":"https:\/\/garbo.group\/index.php\/wp-json\/wp\/v2\/product_tag?post=631"}],"curies":[{"name":"wp","href":"https:\/\/api.w.org\/{rel}","templated":true}]}}