{"id":324,"date":"2021-03-18T14:01:09","date_gmt":"2021-03-18T14:01:09","guid":{"rendered":"https:\/\/garbo.group\/index.php\/producto\/kryo-x26-mtb-model-z\/"},"modified":"2022-06-18T16:40:16","modified_gmt":"2022-06-18T16:40:16","slug":"kryo-x26-mtb-model-z","status":"publish","type":"product","link":"https:\/\/garbo.group\/index.php\/producto\/kryo-x26-mtb-model-z\/","title":{"rendered":"Ultra 100 Roland Garros 2021"},"content":{"rendered":"<p>Recubierto en una paleta de colores azul marino, arcilla y ostra inspirada en el estadio y las nuevas gradas del torneo de tenis superior en arcilla, la Edici\u00f3n Roland Garros Ultra 100 v3 actualiza dos m\u00e9tricas de rendimiento clave para los jugadores con un swing horizontal m\u00e1s cl\u00e1sico: potencia y estabilidad. Una gran cantidad de mejoras geom\u00e9tricas se combinan con una composici\u00f3n de marco resistente para generar una vivacidad y un arado admirables. Encabezando esta lista de geometr\u00edas de PowerProfile completamente nuevas se encuentra la combinaci\u00f3n de un sistema de ponderaci\u00f3n perimetral integrado y un canal de punto dulce que extiende las cuerdas cruzadas para unos pocos grados adicionales de potencia al tiempo que aumenta la robustez del marco. Los jugadores de club, los jugadores junior en ascenso y los jugadores de dobles pueden encontrar esta raqueta atractiva por su potencia vers\u00e1til y construcci\u00f3n estable.<\/p>\n","protected":false},"excerpt":{"rendered":"<p>Recubierto en una paleta de colores azul marino, arcilla y ostra inspirada en el estadio y las nuevas gradas del torneo de tenis superior en arcilla, la Edici\u00f3n Roland Garros Ultra 100 v3 actualiza dos m\u00e9tricas de rendimiento clave para los jugadores con un swing horizontal m\u00e1s cl\u00e1sico: potencia y estabilidad. Una gran cantidad de mejoras geom\u00e9tricas se combinan con una composici\u00f3n de marco resistente para generar una vivacidad y un arado admirables. Encabezando esta lista de geometr\u00edas de PowerProfile completamente nuevas se encuentra la combinaci\u00f3n de un sistema de ponderaci\u00f3n perimetral integrado y un canal de punto dulce que extiende las cuerdas cruzadas para unos pocos grados adicionales de potencia al tiempo que aumenta la robustez del marco. Los jugadores de club, los jugadores junior en ascenso y los jugadores de dobles pueden encontrar esta raqueta atractiva por su potencia vers\u00e1til y construcci\u00f3n estable.<\/p>\n","protected":false},"featured_media":1313,"comment_status":"open","ping_status":"closed","template":"","meta":{"om_disable_all_campaigns":false,"_monsterinsights_skip_tracking":false,"_monsterinsights_sitenote_active":false,"_monsterinsights_sitenote_note":"","_monsterinsights_sitenote_category":0,"site-sidebar-layout":"default","site-content-layout":"default","ast-site-content-layout":"default","site-content-style":"default","site-sidebar-style":"default","ast-global-header-display":"","ast-banner-title-visibility":"","ast-main-header-display":"","ast-hfb-above-header-display":"","ast-hfb-below-header-display":"","ast-hfb-mobile-header-display":"","site-post-title":"disabled","ast-breadcrumbs-content":"disabled","ast-featured-img":"","footer-sml-layout":"","ast-disable-related-posts":"","theme-transparent-header-meta":"default","adv-header-id-meta":"","stick-header-meta":"","header-above-stick-meta":"","header-main-stick-meta":"","header-below-stick-meta":"","astra-migrate-meta-layouts":"default","ast-page-background-enabled":"default","ast-page-background-meta":{"desktop":{"background-color":"var(--ast-global-color-4)","background-image":"","background-repeat":"repeat","background-position":"center center","background-size":"auto","background-attachment":"scroll","background-type":"","background-media":"","overlay-type":"","overlay-color":"","overlay-opacity":"","overlay-gradient":""},"tablet":{"background-color":"","background-image":"","background-repeat":"repeat","background-position":"center center","background-size":"auto","background-attachment":"scroll","background-type":"","background-media":"","overlay-type":"","overlay-color":"","overlay-opacity":"","overlay-gradient":""},"mobile":{"background-color":"","background-image":"","background-repeat":"repeat","background-position":"center center","background-size":"auto","background-attachment":"scroll","background-type":"","background-media":"","overlay-type":"","overlay-color":"","overlay-opacity":"","overlay-gradient":""}},"ast-content-background-meta":{"desktop":{"background-color":"var(--ast-global-color-5)","background-image":"","background-repeat":"repeat","background-position":"center center","background-size":"auto","background-attachment":"scroll","background-type":"","background-media":"","overlay-type":"","overlay-color":"","overlay-opacity":"","overlay-gradient":""},"tablet":{"background-color":"var(--ast-global-color-5)","background-image":"","background-repeat":"repeat","background-position":"center center","background-size":"auto","background-attachment":"scroll","background-type":"","background-media":"","overlay-type":"","overlay-color":"","overlay-opacity":"","overlay-gradient":""},"mobile":{"background-color":"var(--ast-global-color-5)","background-image":"","background-repeat":"repeat","background-position":"center center","background-size":"auto","background-attachment":"scroll","background-type":"","background-media":"","overlay-type":"","overlay-color":"","overlay-opacity":"","overlay-gradient":""}}},"product_brand":[],"product_cat":[26],"product_tag":[],"class_list":{"0":"post-324","1":"product","2":"type-product","3":"status-publish","4":"has-post-thumbnail","6":"product_cat-raquetas-de-tenis","7":"desktop-align-left","8":"tablet-align-left","9":"mobile-align-left","11":"first","12":"instock","13":"taxable","14":"shipping-taxable","15":"purchasable","16":"product-type-simple"},"aioseo_notices":[],"_links":{"self":[{"href":"https:\/\/garbo.group\/index.php\/wp-json\/wp\/v2\/product\/324","targetHints":{"allow":["GET"]}}],"collection":[{"href":"https:\/\/garbo.group\/index.php\/wp-json\/wp\/v2\/product"}],"about":[{"href":"https:\/\/garbo.group\/index.php\/wp-json\/wp\/v2\/types\/product"}],"replies":[{"embeddable":true,"href":"https:\/\/garbo.group\/index.php\/wp-json\/wp\/v2\/comments?post=324"}],"version-history":[{"count":1,"href":"https:\/\/garbo.group\/index.php\/wp-json\/wp\/v2\/product\/324\/revisions"}],"predecessor-version":[{"id":1312,"href":"https:\/\/garbo.group\/index.php\/wp-json\/wp\/v2\/product\/324\/revisions\/1312"}],"wp:featuredmedia":[{"embeddable":true,"href":"https:\/\/garbo.group\/index.php\/wp-json\/wp\/v2\/media\/1313"}],"wp:attachment":[{"href":"https:\/\/garbo.group\/index.php\/wp-json\/wp\/v2\/media?parent=324"}],"wp:term":[{"taxonomy":"product_brand","embeddable":true,"href":"https:\/\/garbo.group\/index.php\/wp-json\/wp\/v2\/product_brand?post=324"},{"taxonomy":"product_cat","embeddable":true,"href":"https:\/\/garbo.group\/index.php\/wp-json\/wp\/v2\/product_cat?post=324"},{"taxonomy":"product_tag","embeddable":true,"href":"https:\/\/garbo.group\/index.php\/wp-json\/wp\/v2\/product_tag?post=324"}],"curies":[{"name":"wp","href":"https:\/\/api.w.org\/{rel}","templated":true}]}}