{"id":1091,"date":"2021-04-05T07:48:36","date_gmt":"2021-04-05T07:48:36","guid":{"rendered":"https:\/\/garbo.group\/index.php\/producto\/bicycle-gloves-yellow\/"},"modified":"2022-06-18T17:22:09","modified_gmt":"2022-06-18T17:22:09","slug":"bicycle-gloves-yellow","status":"publish","type":"product","link":"https:\/\/garbo.group\/index.php\/producto\/bicycle-gloves-yellow\/","title":{"rendered":"Cast Away"},"content":{"rendered":"<div class=\"view-container productview-container1\">\n<div class=\"productview-containerWithImage\">\n<div class=\"productview-containerNameDescription\">\n<div class=\"product attribute description\">\n<div class=\"value\">\n<p>El Ganador del Premio Critics &#8216;Choice por Mejor Objeto Inanimado (2001) es tambi\u00e9n el favorito en la pista. Esta r\u00e9plica del bal\u00f3n real utilizado en la pel\u00edcula tiene una cubierta de cuero sint\u00e9tico de alta calidad para una excelente sensaci\u00f3n y tacto. El Mr. Wilson Cast Away puede ser un gran amigo, pero es incluso un mejor bal\u00f3n.<\/p>\n<\/div>\n<\/div>\n<\/div>\n<\/div>\n<\/div>\n<div class=\"view-container productview-container2\"><\/div>\n","protected":false},"excerpt":{"rendered":"<div class=\"view-container productview-container1\">\n<div class=\"productview-containerWithImage\">\n<div class=\"productview-containerNameDescription\">\n<div class=\"product attribute description\">\n<div class=\"value\">\n<p>El Ganador del Premio Critics &#8216;Choice por Mejor Objeto Inanimado (2001) es tambi\u00e9n el favorito en la pista. Esta r\u00e9plica del bal\u00f3n real utilizado en la pel\u00edcula tiene una cubierta de cuero sint\u00e9tico de alta calidad para una excelente sensaci\u00f3n y tacto. El Mr. Wilson Cast Away puede ser un gran amigo, pero es incluso un mejor bal\u00f3n.<\/p>\n<\/div>\n<\/div>\n<\/div>\n<\/div>\n<\/div>\n<div class=\"view-container productview-container2\"><\/div>\n","protected":false},"featured_media":1333,"comment_status":"open","ping_status":"closed","template":"","meta":{"om_disable_all_campaigns":false,"_monsterinsights_skip_tracking":false,"_monsterinsights_sitenote_active":false,"_monsterinsights_sitenote_note":"","_monsterinsights_sitenote_category":0,"site-sidebar-layout":"default","site-content-layout":"default","ast-site-content-layout":"default","site-content-style":"default","site-sidebar-style":"default","ast-global-header-display":"","ast-banner-title-visibility":"","ast-main-header-display":"","ast-hfb-above-header-display":"","ast-hfb-below-header-display":"","ast-hfb-mobile-header-display":"","site-post-title":"disabled","ast-breadcrumbs-content":"disabled","ast-featured-img":"","footer-sml-layout":"","ast-disable-related-posts":"","theme-transparent-header-meta":"default","adv-header-id-meta":"","stick-header-meta":"","header-above-stick-meta":"","header-main-stick-meta":"","header-below-stick-meta":"","astra-migrate-meta-layouts":"default","ast-page-background-enabled":"default","ast-page-background-meta":{"desktop":{"background-color":"var(--ast-global-color-4)","background-image":"","background-repeat":"repeat","background-position":"center center","background-size":"auto","background-attachment":"scroll","background-type":"","background-media":"","overlay-type":"","overlay-color":"","overlay-opacity":"","overlay-gradient":""},"tablet":{"background-color":"","background-image":"","background-repeat":"repeat","background-position":"center center","background-size":"auto","background-attachment":"scroll","background-type":"","background-media":"","overlay-type":"","overlay-color":"","overlay-opacity":"","overlay-gradient":""},"mobile":{"background-color":"","background-image":"","background-repeat":"repeat","background-position":"center center","background-size":"auto","background-attachment":"scroll","background-type":"","background-media":"","overlay-type":"","overlay-color":"","overlay-opacity":"","overlay-gradient":""}},"ast-content-background-meta":{"desktop":{"background-color":"var(--ast-global-color-5)","background-image":"","background-repeat":"repeat","background-position":"center center","background-size":"auto","background-attachment":"scroll","background-type":"","background-media":"","overlay-type":"","overlay-color":"","overlay-opacity":"","overlay-gradient":""},"tablet":{"background-color":"var(--ast-global-color-5)","background-image":"","background-repeat":"repeat","background-position":"center center","background-size":"auto","background-attachment":"scroll","background-type":"","background-media":"","overlay-type":"","overlay-color":"","overlay-opacity":"","overlay-gradient":""},"mobile":{"background-color":"var(--ast-global-color-5)","background-image":"","background-repeat":"repeat","background-position":"center center","background-size":"auto","background-attachment":"scroll","background-type":"","background-media":"","overlay-type":"","overlay-color":"","overlay-opacity":"","overlay-gradient":""}}},"product_brand":[],"product_cat":[29],"product_tag":[],"class_list":{"0":"post-1091","1":"product","2":"type-product","3":"status-publish","4":"has-post-thumbnail","6":"product_cat-balones-de-voleibol","7":"desktop-align-left","8":"tablet-align-left","9":"mobile-align-left","11":"first","12":"instock","13":"taxable","14":"shipping-taxable","15":"purchasable","16":"product-type-simple"},"aioseo_notices":[],"_links":{"self":[{"href":"https:\/\/garbo.group\/index.php\/wp-json\/wp\/v2\/product\/1091","targetHints":{"allow":["GET"]}}],"collection":[{"href":"https:\/\/garbo.group\/index.php\/wp-json\/wp\/v2\/product"}],"about":[{"href":"https:\/\/garbo.group\/index.php\/wp-json\/wp\/v2\/types\/product"}],"replies":[{"embeddable":true,"href":"https:\/\/garbo.group\/index.php\/wp-json\/wp\/v2\/comments?post=1091"}],"version-history":[{"count":1,"href":"https:\/\/garbo.group\/index.php\/wp-json\/wp\/v2\/product\/1091\/revisions"}],"predecessor-version":[{"id":1332,"href":"https:\/\/garbo.group\/index.php\/wp-json\/wp\/v2\/product\/1091\/revisions\/1332"}],"wp:featuredmedia":[{"embeddable":true,"href":"https:\/\/garbo.group\/index.php\/wp-json\/wp\/v2\/media\/1333"}],"wp:attachment":[{"href":"https:\/\/garbo.group\/index.php\/wp-json\/wp\/v2\/media?parent=1091"}],"wp:term":[{"taxonomy":"product_brand","embeddable":true,"href":"https:\/\/garbo.group\/index.php\/wp-json\/wp\/v2\/product_brand?post=1091"},{"taxonomy":"product_cat","embeddable":true,"href":"https:\/\/garbo.group\/index.php\/wp-json\/wp\/v2\/product_cat?post=1091"},{"taxonomy":"product_tag","embeddable":true,"href":"https:\/\/garbo.group\/index.php\/wp-json\/wp\/v2\/product_tag?post=1091"}],"curies":[{"name":"wp","href":"https:\/\/api.w.org\/{rel}","templated":true}]}}