{"id":106,"date":"2021-03-17T11:45:31","date_gmt":"2021-03-17T11:45:31","guid":{"rendered":"https:\/\/garbo.group\/index.php\/producto\/kryo-x26-mtb-model-x\/"},"modified":"2022-06-18T16:16:45","modified_gmt":"2022-06-18T16:16:45","slug":"kryo-x26-mtb-model-x","status":"publish","type":"product","link":"https:\/\/garbo.group\/index.php\/producto\/kryo-x26-mtb-model-x\/","title":{"rendered":"PRO STAFF 97L V13"},"content":{"rendered":"<p>El Pro Staff 97L v13 proporciona un cuadro m\u00e1s ligero y maniobrable para cualquier jugador que anhele la precisi\u00f3n y la sensaci\u00f3n cl\u00e1sicas del Pro Staff, pero prefiere un swing de peso m\u00e1s amigable para el brazo.\u00a0Este modelo comprende una nueva construcci\u00f3n, Braid 45, que aumenta la precisi\u00f3n al disponer las fibras de carbono en \u00e1ngulos de 45 grados para mejorar la sensaci\u00f3n de embocadura de la pelota y una notable estabilidad durante el swing.\u00a0El dise\u00f1o moderno se combina con la herencia cl\u00e1sica con un acabado brillante tejido de fibra de carbono expuesta sobre el 3 y el 9 de la raqueta, una base el\u00e1stica negra elegante y un par de rayas rojas y amarillas a lo largo de la garganta para una apariencia que combina la inspiraci\u00f3n de Pro Staff con una innovaci\u00f3n novedosa .<\/p>\n","protected":false},"excerpt":{"rendered":"<p>El Pro Staff 97L v13 proporciona un cuadro m\u00e1s ligero y maniobrable para cualquier jugador que anhele la precisi\u00f3n y la sensaci\u00f3n cl\u00e1sicas del Pro Staff, pero prefiere un swing de peso m\u00e1s amigable para el brazo.\u00a0Este modelo comprende una nueva construcci\u00f3n, Braid 45, que aumenta la precisi\u00f3n al disponer las fibras de carbono en \u00e1ngulos de 45 grados para mejorar la sensaci\u00f3n de embocadura de la pelota y una notable estabilidad durante el swing.\u00a0El dise\u00f1o moderno se combina con la herencia cl\u00e1sica con un acabado brillante tejido de fibra de carbono expuesta sobre el 3 y el 9 de la raqueta, una base el\u00e1stica negra elegante y un par de rayas rojas y amarillas a lo largo de la garganta para una apariencia que combina la inspiraci\u00f3n de Pro Staff con una innovaci\u00f3n novedosa .<\/p>\n","protected":false},"featured_media":1311,"comment_status":"open","ping_status":"closed","template":"","meta":{"om_disable_all_campaigns":false,"_monsterinsights_skip_tracking":false,"_monsterinsights_sitenote_active":false,"_monsterinsights_sitenote_note":"","_monsterinsights_sitenote_category":0,"site-sidebar-layout":"default","site-content-layout":"default","ast-site-content-layout":"default","site-content-style":"default","site-sidebar-style":"default","ast-global-header-display":"","ast-banner-title-visibility":"","ast-main-header-display":"","ast-hfb-above-header-display":"","ast-hfb-below-header-display":"","ast-hfb-mobile-header-display":"","site-post-title":"disabled","ast-breadcrumbs-content":"disabled","ast-featured-img":"","footer-sml-layout":"","ast-disable-related-posts":"","theme-transparent-header-meta":"default","adv-header-id-meta":"","stick-header-meta":"","header-above-stick-meta":"","header-main-stick-meta":"","header-below-stick-meta":"","astra-migrate-meta-layouts":"default","ast-page-background-enabled":"default","ast-page-background-meta":{"desktop":{"background-color":"var(--ast-global-color-4)","background-image":"","background-repeat":"repeat","background-position":"center center","background-size":"auto","background-attachment":"scroll","background-type":"","background-media":"","overlay-type":"","overlay-color":"","overlay-opacity":"","overlay-gradient":""},"tablet":{"background-color":"","background-image":"","background-repeat":"repeat","background-position":"center center","background-size":"auto","background-attachment":"scroll","background-type":"","background-media":"","overlay-type":"","overlay-color":"","overlay-opacity":"","overlay-gradient":""},"mobile":{"background-color":"","background-image":"","background-repeat":"repeat","background-position":"center center","background-size":"auto","background-attachment":"scroll","background-type":"","background-media":"","overlay-type":"","overlay-color":"","overlay-opacity":"","overlay-gradient":""}},"ast-content-background-meta":{"desktop":{"background-color":"var(--ast-global-color-5)","background-image":"","background-repeat":"repeat","background-position":"center center","background-size":"auto","background-attachment":"scroll","background-type":"","background-media":"","overlay-type":"","overlay-color":"","overlay-opacity":"","overlay-gradient":""},"tablet":{"background-color":"var(--ast-global-color-5)","background-image":"","background-repeat":"repeat","background-position":"center center","background-size":"auto","background-attachment":"scroll","background-type":"","background-media":"","overlay-type":"","overlay-color":"","overlay-opacity":"","overlay-gradient":""},"mobile":{"background-color":"var(--ast-global-color-5)","background-image":"","background-repeat":"repeat","background-position":"center center","background-size":"auto","background-attachment":"scroll","background-type":"","background-media":"","overlay-type":"","overlay-color":"","overlay-opacity":"","overlay-gradient":""}}},"product_brand":[],"product_cat":[26],"product_tag":[],"class_list":{"0":"post-106","1":"product","2":"type-product","3":"status-publish","4":"has-post-thumbnail","6":"product_cat-raquetas-de-tenis","7":"desktop-align-left","8":"tablet-align-left","9":"mobile-align-left","11":"first","12":"instock","13":"taxable","14":"shipping-taxable","15":"purchasable","16":"product-type-simple"},"aioseo_notices":[],"_links":{"self":[{"href":"https:\/\/garbo.group\/index.php\/wp-json\/wp\/v2\/product\/106","targetHints":{"allow":["GET"]}}],"collection":[{"href":"https:\/\/garbo.group\/index.php\/wp-json\/wp\/v2\/product"}],"about":[{"href":"https:\/\/garbo.group\/index.php\/wp-json\/wp\/v2\/types\/product"}],"replies":[{"embeddable":true,"href":"https:\/\/garbo.group\/index.php\/wp-json\/wp\/v2\/comments?post=106"}],"version-history":[{"count":1,"href":"https:\/\/garbo.group\/index.php\/wp-json\/wp\/v2\/product\/106\/revisions"}],"predecessor-version":[{"id":1310,"href":"https:\/\/garbo.group\/index.php\/wp-json\/wp\/v2\/product\/106\/revisions\/1310"}],"wp:featuredmedia":[{"embeddable":true,"href":"https:\/\/garbo.group\/index.php\/wp-json\/wp\/v2\/media\/1311"}],"wp:attachment":[{"href":"https:\/\/garbo.group\/index.php\/wp-json\/wp\/v2\/media?parent=106"}],"wp:term":[{"taxonomy":"product_brand","embeddable":true,"href":"https:\/\/garbo.group\/index.php\/wp-json\/wp\/v2\/product_brand?post=106"},{"taxonomy":"product_cat","embeddable":true,"href":"https:\/\/garbo.group\/index.php\/wp-json\/wp\/v2\/product_cat?post=106"},{"taxonomy":"product_tag","embeddable":true,"href":"https:\/\/garbo.group\/index.php\/wp-json\/wp\/v2\/product_tag?post=106"}],"curies":[{"name":"wp","href":"https:\/\/api.w.org\/{rel}","templated":true}]}}