{"id":3744,"date":"2022-11-21T21:19:08","date_gmt":"2022-11-21T21:19:08","guid":{"rendered":"https:\/\/garbo.group\/?page_id=3744"},"modified":"2022-11-22T18:39:14","modified_gmt":"2022-11-22T18:39:14","slug":"maquinas-musculacion","status":"publish","type":"page","link":"https:\/\/garbo.group\/index.php\/maquinas-musculacion\/","title":{"rendered":"M\u00e1quinas de Musculaci\u00f3n"},"content":{"rendered":"\t\t<div data-elementor-type=\"wp-page\" data-elementor-id=\"3744\" class=\"elementor elementor-3744\">\n\t\t\t\t\t\t<section class=\"elementor-section elementor-top-section elementor-element elementor-element-6844a1a4 elementor-section-height-min-height elementor-section-boxed elementor-section-height-default elementor-section-items-middle\" data-id=\"6844a1a4\" data-element_type=\"section\" data-e-type=\"section\" data-settings=\"{&quot;background_background&quot;:&quot;slideshow&quot;,&quot;background_slideshow_gallery&quot;:[{&quot;id&quot;:3785,&quot;url&quot;:&quot;http:\\\/\\\/garbo.group\\\/wp-content\\\/uploads\\\/2022\\\/11\\\/hombre-trabajo-maquina-gimnasio.jpg&quot;}],&quot;background_slideshow_loop&quot;:&quot;yes&quot;,&quot;background_slideshow_slide_duration&quot;:5000,&quot;background_slideshow_slide_transition&quot;:&quot;fade&quot;,&quot;background_slideshow_transition_duration&quot;:500}\">\n\t\t\t\t\t\t\t<div class=\"elementor-background-overlay\"><\/div>\n\t\t\t\t\t\t\t<div class=\"elementor-container elementor-column-gap-no\">\n\t\t\t\t\t<div class=\"elementor-column elementor-col-100 elementor-top-column elementor-element elementor-element-383f00de\" data-id=\"383f00de\" data-element_type=\"column\" data-e-type=\"column\">\n\t\t\t<div class=\"elementor-widget-wrap elementor-element-populated\">\n\t\t\t\t\t\t<div class=\"elementor-element elementor-element-174950e2 elementor-widget elementor-widget-heading\" data-id=\"174950e2\" data-element_type=\"widget\" data-e-type=\"widget\" data-widget_type=\"heading.default\">\n\t\t\t\t<div class=\"elementor-widget-container\">\n\t\t\t\t\t<h1 class=\"elementor-heading-title elementor-size-default\">M\u00e1quinas de Musculaci\u00f3n<\/h1>\t\t\t\t<\/div>\n\t\t\t\t<\/div>\n\t\t\t\t\t<\/div>\n\t\t<\/div>\n\t\t\t\t\t<\/div>\n\t\t<\/section>\n\t\t\t\t<section class=\"elementor-section elementor-top-section elementor-element elementor-element-ef21230 elementor-section-full_width elementor-section-height-default elementor-section-height-default\" data-id=\"ef21230\" data-element_type=\"section\" data-e-type=\"section\" data-settings=\"{&quot;background_background&quot;:&quot;classic&quot;}\">\n\t\t\t\t\t\t<div class=\"elementor-container elementor-column-gap-default\">\n\t\t\t\t\t<div class=\"elementor-column elementor-col-100 elementor-top-column elementor-element elementor-element-51b9842\" data-id=\"51b9842\" data-element_type=\"column\" data-e-type=\"column\">\n\t\t\t<div class=\"elementor-widget-wrap elementor-element-populated\">\n\t\t\t\t\t\t<div class=\"elementor-element elementor-element-9155565 elementor-widget elementor-widget-heading\" data-id=\"9155565\" data-element_type=\"widget\" data-e-type=\"widget\" data-widget_type=\"heading.default\">\n\t\t\t\t<div class=\"elementor-widget-container\">\n\t\t\t\t\t<h2 class=\"elementor-heading-title elementor-size-default\">M\u00e1quinas de Musculaci\u00f3n<\/h2>\t\t\t\t<\/div>\n\t\t\t\t<\/div>\n\t\t\t\t<section class=\"elementor-section elementor-inner-section elementor-element elementor-element-eb491a5 elementor-section-full_width elementor-section-height-default elementor-section-height-default\" data-id=\"eb491a5\" data-element_type=\"section\" data-e-type=\"section\">\n\t\t\t\t\t\t<div class=\"elementor-container elementor-column-gap-default\">\n\t\t\t\t\t<div class=\"elementor-column elementor-col-50 elementor-inner-column elementor-element elementor-element-3c6cc44\" data-id=\"3c6cc44\" data-element_type=\"column\" data-e-type=\"column\" data-settings=\"{&quot;background_background&quot;:&quot;slideshow&quot;,&quot;background_slideshow_gallery&quot;:[{&quot;id&quot;:3786,&quot;url&quot;:&quot;http:\\\/\\\/garbo.group\\\/wp-content\\\/uploads\\\/2022\\\/11\\\/maquinas-para-gimnasios.jpeg&quot;}],&quot;background_slideshow_loop&quot;:&quot;yes&quot;,&quot;background_slideshow_slide_duration&quot;:5000,&quot;background_slideshow_slide_transition&quot;:&quot;fade&quot;,&quot;background_slideshow_transition_duration&quot;:500}\">\n\t\t\t<div class=\"elementor-widget-wrap elementor-element-populated\">\n\t\t\t\t\t\t<div class=\"elementor-element elementor-element-372647a elementor-widget elementor-widget-heading\" data-id=\"372647a\" data-element_type=\"widget\" data-e-type=\"widget\" data-widget_type=\"heading.default\">\n\t\t\t\t<div class=\"elementor-widget-container\">\n\t\t\t\t\t<h1 class=\"elementor-heading-title elementor-size-default\">Todos los Equipos<\/h1>\t\t\t\t<\/div>\n\t\t\t\t<\/div>\n\t\t\t\t<div class=\"elementor-element elementor-element-4577955 elementor-icon-list--layout-traditional elementor-list-item-link-full_width elementor-widget elementor-widget-icon-list\" data-id=\"4577955\" data-element_type=\"widget\" data-e-type=\"widget\" data-widget_type=\"icon-list.default\">\n\t\t\t\t<div class=\"elementor-widget-container\">\n\t\t\t\t\t\t\t<ul class=\"elementor-icon-list-items\">\n\t\t\t\t\t\t\t<li class=\"elementor-icon-list-item\">\n\t\t\t\t\t\t\t\t\t\t\t<span class=\"elementor-icon-list-icon\">\n\t\t\t\t\t\t\t<i aria-hidden=\"true\" class=\"fas fa-bullseye\"><\/i>\t\t\t\t\t\t<\/span>\n\t\t\t\t\t\t\t\t\t\t<span class=\"elementor-icon-list-text\">Marca Dixon<\/span>\n\t\t\t\t\t\t\t\t\t<\/li>\n\t\t\t\t\t\t\t\t<li class=\"elementor-icon-list-item\">\n\t\t\t\t\t\t\t\t\t\t\t<span class=\"elementor-icon-list-icon\">\n\t\t\t\t\t\t\t<i aria-hidden=\"true\" class=\"fas fa-bullseye\"><\/i>\t\t\t\t\t\t<\/span>\n\t\t\t\t\t\t\t\t\t\t<span class=\"elementor-icon-list-text\">M\u00e1s de 20 tipos<\/span>\n\t\t\t\t\t\t\t\t\t<\/li>\n\t\t\t\t\t\t<\/ul>\n\t\t\t\t\t\t<\/div>\n\t\t\t\t<\/div>\n\t\t\t\t<div class=\"elementor-element elementor-element-8a89ae8 elementor-widget elementor-widget-button\" data-id=\"8a89ae8\" data-element_type=\"widget\" data-e-type=\"widget\" data-widget_type=\"button.default\">\n\t\t\t\t<div class=\"elementor-widget-container\">\n\t\t\t\t\t\t\t\t\t<div class=\"elementor-button-wrapper\">\n\t\t\t\t\t<a class=\"elementor-button elementor-size-sm\" role=\"button\">\n\t\t\t\t\t\t<span class=\"elementor-button-content-wrapper\">\n\t\t\t\t\t\t\t\t\t<span class=\"elementor-button-text\">Ver todas las m\u00e1quinas<\/span>\n\t\t\t\t\t<\/span>\n\t\t\t\t\t<\/a>\n\t\t\t\t<\/div>\n\t\t\t\t\t\t\t\t<\/div>\n\t\t\t\t<\/div>\n\t\t\t\t\t<\/div>\n\t\t<\/div>\n\t\t\t\t<div class=\"elementor-column elementor-col-50 elementor-inner-column elementor-element elementor-element-ea0a5b2\" data-id=\"ea0a5b2\" data-element_type=\"column\" data-e-type=\"column\" data-settings=\"{&quot;background_background&quot;:&quot;slideshow&quot;,&quot;background_slideshow_gallery&quot;:[{&quot;id&quot;:3787,&quot;url&quot;:&quot;http:\\\/\\\/garbo.group\\\/wp-content\\\/uploads\\\/2022\\\/11\\\/200923130950-coronavirus-mexico-reapertura-de-gimnasios-en-ciudad-de-mexico-ejercicio-medidas-pkg-belen-zapata-perspectivas-mexico-00025228.jpeg&quot;}],&quot;background_slideshow_loop&quot;:&quot;yes&quot;,&quot;background_slideshow_slide_duration&quot;:5000,&quot;background_slideshow_slide_transition&quot;:&quot;fade&quot;,&quot;background_slideshow_transition_duration&quot;:500}\">\n\t\t\t<div class=\"elementor-widget-wrap elementor-element-populated\">\n\t\t\t\t\t\t<div class=\"elementor-element elementor-element-698b3ef elementor-widget elementor-widget-heading\" data-id=\"698b3ef\" data-element_type=\"widget\" data-e-type=\"widget\" data-widget_type=\"heading.default\">\n\t\t\t\t<div class=\"elementor-widget-container\">\n\t\t\t\t\t<h1 class=\"elementor-heading-title elementor-size-default\">Arma tu Centro de Fitness<\/h1>\t\t\t\t<\/div>\n\t\t\t\t<\/div>\n\t\t\t\t<div class=\"elementor-element elementor-element-cf6f6ab elementor-icon-list--layout-traditional elementor-list-item-link-full_width elementor-widget elementor-widget-icon-list\" data-id=\"cf6f6ab\" data-element_type=\"widget\" data-e-type=\"widget\" data-widget_type=\"icon-list.default\">\n\t\t\t\t<div class=\"elementor-widget-container\">\n\t\t\t\t\t\t\t<ul class=\"elementor-icon-list-items\">\n\t\t\t\t\t\t\t<li class=\"elementor-icon-list-item\">\n\t\t\t\t\t\t\t\t\t\t\t<span class=\"elementor-icon-list-icon\">\n\t\t\t\t\t\t\t<i aria-hidden=\"true\" class=\"fas fa-bullseye\"><\/i>\t\t\t\t\t\t<\/span>\n\t\t\t\t\t\t\t\t\t\t<span class=\"elementor-icon-list-text\">Todos los equipos<\/span>\n\t\t\t\t\t\t\t\t\t<\/li>\n\t\t\t\t\t\t\t\t<li class=\"elementor-icon-list-item\">\n\t\t\t\t\t\t\t\t\t\t\t<span class=\"elementor-icon-list-icon\">\n\t\t\t\t\t\t\t<i aria-hidden=\"true\" class=\"fas fa-bullseye\"><\/i>\t\t\t\t\t\t<\/span>\n\t\t\t\t\t\t\t\t\t\t<span class=\"elementor-icon-list-text\">V200W y VTec TM<\/span>\n\t\t\t\t\t\t\t\t\t<\/li>\n\t\t\t\t\t\t<\/ul>\n\t\t\t\t\t\t<\/div>\n\t\t\t\t<\/div>\n\t\t\t\t<div class=\"elementor-element elementor-element-d4f518e elementor-widget elementor-widget-button\" data-id=\"d4f518e\" data-element_type=\"widget\" data-e-type=\"widget\" data-widget_type=\"button.default\">\n\t\t\t\t<div class=\"elementor-widget-container\">\n\t\t\t\t\t\t\t\t\t<div class=\"elementor-button-wrapper\">\n\t\t\t\t\t<a class=\"elementor-button elementor-size-sm\" role=\"button\">\n\t\t\t\t\t\t<span class=\"elementor-button-content-wrapper\">\n\t\t\t\t\t\t\t\t\t<span class=\"elementor-button-text\">Ver todos los equipos<\/span>\n\t\t\t\t\t<\/span>\n\t\t\t\t\t<\/a>\n\t\t\t\t<\/div>\n\t\t\t\t\t\t\t\t<\/div>\n\t\t\t\t<\/div>\n\t\t\t\t\t<\/div>\n\t\t<\/div>\n\t\t\t\t\t<\/div>\n\t\t<\/section>\n\t\t\t\t\t<\/div>\n\t\t<\/div>\n\t\t\t\t\t<\/div>\n\t\t<\/section>\n\t\t\t\t<section class=\"elementor-section elementor-top-section elementor-element elementor-element-18201fbb elementor-section-boxed elementor-section-height-default elementor-section-height-default\" data-id=\"18201fbb\" data-element_type=\"section\" data-e-type=\"section\" data-settings=\"{&quot;background_background&quot;:&quot;classic&quot;}\">\n\t\t\t\t\t\t\t<div class=\"elementor-background-overlay\"><\/div>\n\t\t\t\t\t\t\t<div class=\"elementor-container elementor-column-gap-no\">\n\t\t\t\t\t<div class=\"elementor-column elementor-col-100 elementor-top-column elementor-element elementor-element-15913d39\" data-id=\"15913d39\" data-element_type=\"column\" data-e-type=\"column\">\n\t\t\t<div class=\"elementor-widget-wrap elementor-element-populated\">\n\t\t\t\t\t<div class=\"elementor-background-overlay\"><\/div>\n\t\t\t\t\t\t<div class=\"elementor-element elementor-element-6598d1cd elementor-widget elementor-widget-heading\" data-id=\"6598d1cd\" data-element_type=\"widget\" data-e-type=\"widget\" data-widget_type=\"heading.default\">\n\t\t\t\t<div class=\"elementor-widget-container\">\n\t\t\t\t\t<h2 class=\"elementor-heading-title elementor-size-default\">Todos los equipos para crecer<\/h2>\t\t\t\t<\/div>\n\t\t\t\t<\/div>\n\t\t\t\t<div class=\"elementor-element elementor-element-7eb6dd5c elementor-widget elementor-widget-text-editor\" data-id=\"7eb6dd5c\" data-element_type=\"widget\" data-e-type=\"widget\" data-widget_type=\"text-editor.default\">\n\t\t\t\t<div class=\"elementor-widget-container\">\n\t\t\t\t\t\t\t\t\t<p>Hacer pesas\u00a0<b>es uno de los entrenamientos de fuerza m\u00e1s positivos para el cuerpo<\/b>. Quemar una gran cantidad de calor\u00edas est\u00e1 entre los diferentes beneficios que se obtienen con este ejercicio, pero tambi\u00e9n es muy importante para construir m\u00fasculo, aumentar el metabolismo, fortalecer los huesos y eliminar grasas.<\/p>\t\t\t\t\t\t\t\t<\/div>\n\t\t\t\t<\/div>\n\t\t\t\t\t<\/div>\n\t\t<\/div>\n\t\t\t\t\t<\/div>\n\t\t<\/section>\n\t\t\t\t<section class=\"elementor-section elementor-top-section elementor-element elementor-element-1ceb3781 elementor-section-boxed elementor-section-height-default elementor-section-height-default\" data-id=\"1ceb3781\" data-element_type=\"section\" data-e-type=\"section\">\n\t\t\t\t\t\t<div class=\"elementor-container elementor-column-gap-default\">\n\t\t\t\t\t<div class=\"elementor-column elementor-col-100 elementor-top-column elementor-element elementor-element-6a7b0a0a\" data-id=\"6a7b0a0a\" data-element_type=\"column\" data-e-type=\"column\">\n\t\t\t<div class=\"elementor-widget-wrap elementor-element-populated\">\n\t\t\t\t\t\t<div class=\"elementor-element elementor-element-4ba63a13 wl-columns-5 wl-columns-mobile-3 elementor-widget elementor-widget-wl-brand-logo\" data-id=\"4ba63a13\" data-element_type=\"widget\" data-e-type=\"widget\" data-widget_type=\"wl-brand-logo.default\">\n\t\t\t\t<div class=\"elementor-widget-container\">\n\t\t\t\t\t<div class=\"wl-row wlno-gutters\">                <div class=\"wl-col-5\">\n                                        <div class=\"wl-single-brand\">\n                        <img fetchpriority=\"high\" decoding=\"async\" width=\"2500\" height=\"1417\" src=\"https:\/\/garbo.group\/wp-content\/uploads\/2022\/10\/demarini-up-bw-centered.png\" class=\"attachment-full size-full\" alt=\"\" srcset=\"https:\/\/garbo.group\/wp-content\/uploads\/2022\/10\/demarini-up-bw-centered.png 2500w, https:\/\/garbo.group\/wp-content\/uploads\/2022\/10\/demarini-up-bw-centered-300x170.png 300w, https:\/\/garbo.group\/wp-content\/uploads\/2022\/10\/demarini-up-bw-centered-1024x580.png 1024w, https:\/\/garbo.group\/wp-content\/uploads\/2022\/10\/demarini-up-bw-centered-768x435.png 768w, https:\/\/garbo.group\/wp-content\/uploads\/2022\/10\/demarini-up-bw-centered-1536x871.png 1536w, https:\/\/garbo.group\/wp-content\/uploads\/2022\/10\/demarini-up-bw-centered-2048x1161.png 2048w, https:\/\/garbo.group\/wp-content\/uploads\/2022\/10\/demarini-up-bw-centered-600x340.png 600w\" sizes=\"(max-width: 2500px) 100vw, 2500px\" \/>                    <\/div>\n                                    <\/div>\n                                <div class=\"wl-col-5\">\n                                        <div class=\"wl-single-brand\">\n                        <img decoding=\"async\" width=\"2500\" height=\"1417\" src=\"https:\/\/garbo.group\/wp-content\/uploads\/2022\/10\/dixson-bw-centered.png\" class=\"attachment-full size-full\" alt=\"\" srcset=\"https:\/\/garbo.group\/wp-content\/uploads\/2022\/10\/dixson-bw-centered.png 2500w, https:\/\/garbo.group\/wp-content\/uploads\/2022\/10\/dixson-bw-centered-300x170.png 300w, https:\/\/garbo.group\/wp-content\/uploads\/2022\/10\/dixson-bw-centered-1024x580.png 1024w, https:\/\/garbo.group\/wp-content\/uploads\/2022\/10\/dixson-bw-centered-768x435.png 768w, https:\/\/garbo.group\/wp-content\/uploads\/2022\/10\/dixson-bw-centered-1536x871.png 1536w, https:\/\/garbo.group\/wp-content\/uploads\/2022\/10\/dixson-bw-centered-2048x1161.png 2048w, https:\/\/garbo.group\/wp-content\/uploads\/2022\/10\/dixson-bw-centered-600x340.png 600w\" sizes=\"(max-width: 2500px) 100vw, 2500px\" \/>                    <\/div>\n                                    <\/div>\n                                <div class=\"wl-col-5\">\n                                        <div class=\"wl-single-brand\">\n                        <img decoding=\"async\" width=\"2500\" height=\"1417\" src=\"https:\/\/garbo.group\/wp-content\/uploads\/2022\/10\/mikasa-bw-centered.png\" class=\"attachment-full size-full\" alt=\"\" srcset=\"https:\/\/garbo.group\/wp-content\/uploads\/2022\/10\/mikasa-bw-centered.png 2500w, https:\/\/garbo.group\/wp-content\/uploads\/2022\/10\/mikasa-bw-centered-300x170.png 300w, https:\/\/garbo.group\/wp-content\/uploads\/2022\/10\/mikasa-bw-centered-1024x580.png 1024w, https:\/\/garbo.group\/wp-content\/uploads\/2022\/10\/mikasa-bw-centered-768x435.png 768w, https:\/\/garbo.group\/wp-content\/uploads\/2022\/10\/mikasa-bw-centered-1536x871.png 1536w, https:\/\/garbo.group\/wp-content\/uploads\/2022\/10\/mikasa-bw-centered-2048x1161.png 2048w, https:\/\/garbo.group\/wp-content\/uploads\/2022\/10\/mikasa-bw-centered-600x340.png 600w\" sizes=\"(max-width: 2500px) 100vw, 2500px\" \/>                    <\/div>\n                                    <\/div>\n                                <div class=\"wl-col-5\">\n                                        <div class=\"wl-single-brand\">\n                        <img loading=\"lazy\" decoding=\"async\" width=\"2500\" height=\"1417\" src=\"https:\/\/garbo.group\/wp-content\/uploads\/2022\/10\/wilson-bw-centered.png\" class=\"attachment-full size-full\" alt=\"\" srcset=\"https:\/\/garbo.group\/wp-content\/uploads\/2022\/10\/wilson-bw-centered.png 2500w, https:\/\/garbo.group\/wp-content\/uploads\/2022\/10\/wilson-bw-centered-300x170.png 300w, https:\/\/garbo.group\/wp-content\/uploads\/2022\/10\/wilson-bw-centered-1024x580.png 1024w, https:\/\/garbo.group\/wp-content\/uploads\/2022\/10\/wilson-bw-centered-768x435.png 768w, https:\/\/garbo.group\/wp-content\/uploads\/2022\/10\/wilson-bw-centered-1536x871.png 1536w, https:\/\/garbo.group\/wp-content\/uploads\/2022\/10\/wilson-bw-centered-2048x1161.png 2048w, https:\/\/garbo.group\/wp-content\/uploads\/2022\/10\/wilson-bw-centered-600x340.png 600w\" sizes=\"(max-width: 2500px) 100vw, 2500px\" \/>                    <\/div>\n                                    <\/div>\n                                <div class=\"wl-col-5\">\n                                        <div class=\"wl-single-brand\">\n                        <img loading=\"lazy\" decoding=\"async\" width=\"2500\" height=\"1417\" src=\"https:\/\/garbo.group\/wp-content\/uploads\/2022\/10\/Powerful-Foods-BW-Centered.png\" class=\"attachment-full size-full\" alt=\"\" srcset=\"https:\/\/garbo.group\/wp-content\/uploads\/2022\/10\/Powerful-Foods-BW-Centered.png 2500w, https:\/\/garbo.group\/wp-content\/uploads\/2022\/10\/Powerful-Foods-BW-Centered-300x170.png 300w, https:\/\/garbo.group\/wp-content\/uploads\/2022\/10\/Powerful-Foods-BW-Centered-1024x580.png 1024w, https:\/\/garbo.group\/wp-content\/uploads\/2022\/10\/Powerful-Foods-BW-Centered-768x435.png 768w, https:\/\/garbo.group\/wp-content\/uploads\/2022\/10\/Powerful-Foods-BW-Centered-1536x871.png 1536w, https:\/\/garbo.group\/wp-content\/uploads\/2022\/10\/Powerful-Foods-BW-Centered-2048x1161.png 2048w, https:\/\/garbo.group\/wp-content\/uploads\/2022\/10\/Powerful-Foods-BW-Centered-600x340.png 600w\" sizes=\"(max-width: 2500px) 100vw, 2500px\" \/>                    <\/div>\n                                    <\/div>\n                <\/div>\t\t\t\t<\/div>\n\t\t\t\t<\/div>\n\t\t\t\t\t<\/div>\n\t\t<\/div>\n\t\t\t\t\t<\/div>\n\t\t<\/section>\n\t\t\t\t<\/div>\n\t\t","protected":false},"excerpt":{"rendered":"<p>M\u00e1quinas de Musculaci\u00f3n M\u00e1quinas de Musculaci\u00f3n Todos los Equipos Marca Dixon M\u00e1s de 20 tipos Ver todas las m\u00e1quinas Arma tu Centro de Fitness Todos los equipos V200W y VTec TM Ver todos los equipos Todos los equipos para crecer Hacer pesas\u00a0es uno de los entrenamientos de fuerza m\u00e1s positivos para el cuerpo. Quemar una [&hellip;]<\/p>\n","protected":false},"author":3,"featured_media":0,"parent":0,"menu_order":0,"comment_status":"closed","ping_status":"closed","template":"","meta":{"om_disable_all_campaigns":false,"_monsterinsights_skip_tracking":false,"_monsterinsights_sitenote_active":false,"_monsterinsights_sitenote_note":"","_monsterinsights_sitenote_category":0,"site-sidebar-layout":"no-sidebar","site-content-layout":"page-builder","ast-site-content-layout":"default","site-content-style":"default","site-sidebar-style":"default","ast-global-header-display":"","ast-banner-title-visibility":"","ast-main-header-display":"","ast-hfb-above-header-display":"","ast-hfb-below-header-display":"","ast-hfb-mobile-header-display":"","site-post-title":"disabled","ast-breadcrumbs-content":"","ast-featured-img":"disabled","footer-sml-layout":"","ast-disable-related-posts":"","theme-transparent-header-meta":"","adv-header-id-meta":"","stick-header-meta":"","header-above-stick-meta":"","header-main-stick-meta":"","header-below-stick-meta":"","astra-migrate-meta-layouts":"default","ast-page-background-enabled":"default","ast-page-background-meta":{"desktop":{"background-color":"var(--ast-global-color-4)","background-image":"","background-repeat":"repeat","background-position":"center center","background-size":"auto","background-attachment":"scroll","background-type":"","background-media":"","overlay-type":"","overlay-color":"","overlay-opacity":"","overlay-gradient":""},"tablet":{"background-color":"","background-image":"","background-repeat":"repeat","background-position":"center center","background-size":"auto","background-attachment":"scroll","background-type":"","background-media":"","overlay-type":"","overlay-color":"","overlay-opacity":"","overlay-gradient":""},"mobile":{"background-color":"","background-image":"","background-repeat":"repeat","background-position":"center center","background-size":"auto","background-attachment":"scroll","background-type":"","background-media":"","overlay-type":"","overlay-color":"","overlay-opacity":"","overlay-gradient":""}},"ast-content-background-meta":{"desktop":{"background-color":"var(--ast-global-color-5)","background-image":"","background-repeat":"repeat","background-position":"center center","background-size":"auto","background-attachment":"scroll","background-type":"","background-media":"","overlay-type":"","overlay-color":"","overlay-opacity":"","overlay-gradient":""},"tablet":{"background-color":"var(--ast-global-color-5)","background-image":"","background-repeat":"repeat","background-position":"center center","background-size":"auto","background-attachment":"scroll","background-type":"","background-media":"","overlay-type":"","overlay-color":"","overlay-opacity":"","overlay-gradient":""},"mobile":{"background-color":"var(--ast-global-color-5)","background-image":"","background-repeat":"repeat","background-position":"center center","background-size":"auto","background-attachment":"scroll","background-type":"","background-media":"","overlay-type":"","overlay-color":"","overlay-opacity":"","overlay-gradient":""}},"footnotes":""},"class_list":["post-3744","page","type-page","status-publish","hentry"],"aioseo_notices":[],"_links":{"self":[{"href":"https:\/\/garbo.group\/index.php\/wp-json\/wp\/v2\/pages\/3744","targetHints":{"allow":["GET"]}}],"collection":[{"href":"https:\/\/garbo.group\/index.php\/wp-json\/wp\/v2\/pages"}],"about":[{"href":"https:\/\/garbo.group\/index.php\/wp-json\/wp\/v2\/types\/page"}],"author":[{"embeddable":true,"href":"https:\/\/garbo.group\/index.php\/wp-json\/wp\/v2\/users\/3"}],"replies":[{"embeddable":true,"href":"https:\/\/garbo.group\/index.php\/wp-json\/wp\/v2\/comments?post=3744"}],"version-history":[{"count":7,"href":"https:\/\/garbo.group\/index.php\/wp-json\/wp\/v2\/pages\/3744\/revisions"}],"predecessor-version":[{"id":3807,"href":"https:\/\/garbo.group\/index.php\/wp-json\/wp\/v2\/pages\/3744\/revisions\/3807"}],"wp:attachment":[{"href":"https:\/\/garbo.group\/index.php\/wp-json\/wp\/v2\/media?parent=3744"}],"curies":[{"name":"wp","href":"https:\/\/api.w.org\/{rel}","templated":true}]}}