{"id":10,"date":"2022-08-13T03:52:49","date_gmt":"2022-08-13T03:52:49","guid":{"rendered":"https:\/\/garbo.group\/?page_id=10"},"modified":"2022-08-13T04:07:08","modified_gmt":"2022-08-13T04:07:08","slug":"reembolso_devoluciones","status":"publish","type":"page","link":"https:\/\/garbo.group\/index.php\/reembolso_devoluciones\/","title":{"rendered":"Pol\u00edtica de devoluciones y reembolsos"},"content":{"rendered":"\n<p><h2>Resumen<\/h2><\/p>\n\n\n\n<p>Nuestra pol\u00edtica de reembolsos y devoluciones dura 30 d\u00edas. Si han pasado 30 d\u00edas desde su compra, no podemos ofrecerle un reembolso o cambio completo.<\/p>\n\n\n\n<p>Para poder realizar una devoluci\u00f3n, el art\u00edculo debe estar sin usar y en las mismas condiciones en las que lo recibi\u00f3. Tambi\u00e9n debe estar en su embalaje original.<\/p>\n\n\n\n<p><h2><b>Reembolsos tard\u00edos o inexistentes<\/b><\/h2><\/p>\n\n\n\n<p>Si a\u00fan no has recibido el reembolso, primero comprueba de nuevo tu cuenta bancaria. A continuaci\u00f3n, ponte en contacto con la compa\u00f1\u00eda de tu tarjeta de cr\u00e9dito, ya que puede pasar alg\u00fan tiempo antes de que se contabilice oficialmente tu reembolso.<\/p>\n\n\n\n<p>A continuaci\u00f3n, p\u00f3ngase en contacto con su banco. A menudo hay un tiempo de procesamiento antes de que se contabilice el reembolso.<\/p>\n\n\n\n<p>Si has hecho todo esto y todav\u00eda no has recibido tu reembolso, ponte en contacto con nosotros a trav\u00e9s del correo administracion@garbo.group.<\/p>\n\n\n\n<p><h2><b>Art\u00edculos en venta<\/b><\/h2><\/p>\n\n\n\n<p>S\u00f3lo se pueden reembolsar los art\u00edculos de precio normal. Los art\u00edculos en oferta no pueden ser reembolsados.<\/p>\n\n\n\n<p><h2>Intercambios<\/h2><\/p>\n\n\n\n<p>S\u00f3lo sustituimos los art\u00edculos si est\u00e1n defectuosos o da\u00f1ados. Si necesita cambiarlo por el mismo art\u00edculo, env\u00edenos un correo electr\u00f3nico a serviciosgenerales@garbo.group y env\u00ede su art\u00edculo a la Av. Principal de Los Ruices, Cruce con 2da. Transv., Edif. Garbo. Caracas \u2013 Venezuela.<\/p>\n\n\n\n<p><h2>Regalos<\/h2><\/p>\n\n\n\n<p>Si el art\u00edculo estaba marcado como regalo cuando se compr\u00f3 y se le envi\u00f3 directamente, recibir\u00e1 un cr\u00e9dito de regalo por el valor de su devoluci\u00f3n. Una vez recibido el art\u00edculo devuelto, se le enviar\u00e1 por correo un certificado de regalo.<\/p>\n\n\n\n<p>Si el art\u00edculo no estaba marcado como regalo en el momento de la compra, o si la persona que hizo el regalo se envi\u00f3 a s\u00ed misma para entreg\u00e1rselo a usted m\u00e1s tarde, enviaremos un reembolso a la persona que hizo el regalo y \u00e9sta se enterar\u00e1 de su devoluci\u00f3n.<\/p>\n\n\n\n<p><h2>Devoluci\u00f3n de env\u00edos<\/h2><\/p>\n\n\n\n<p>Para devolver su producto, debe enviarlo por correo a la Av. Principal de Los Ruices, Cruce con 2da. Transv., Edif. Garbo. Caracas \u2013 Venezuela.<\/p>\n\n\n\n<p>Usted ser\u00e1 responsable de pagar sus propios gastos de env\u00edo para devolver su art\u00edculo. Los gastos de env\u00edo no son reembolsables. Si recibe un reembolso, el coste del env\u00edo de devoluci\u00f3n se deducir\u00e1 de su reembolso.<\/p>\n\n\n\n<p>Dependiendo de su lugar de residencia, el tiempo que puede tardar en llegar su producto intercambiado puede variar.<\/p>\n\n\n\n<p>Si devuelve art\u00edculos m\u00e1s caros, puede considerar la posibilidad de utilizar un servicio de env\u00edo con seguimiento o adquirir un seguro de env\u00edo. No garantizamos que vayamos a recibir su art\u00edculo devuelto.<\/p>\n\n\n\n<p><h2>\u00bfNecesitas ayuda?<\/h2><\/p>\n\n\n\n<p>P\u00f3ngase en contacto con nosotros a trav\u00e9s de info@garbo.group para preguntas relacionadas con reembolsos y devoluciones.<\/p>\n","protected":false},"excerpt":{"rendered":"<p>Resumen Nuestra pol\u00edtica de reembolsos y devoluciones dura 30 d\u00edas. Si han pasado 30 d\u00edas desde su compra, no podemos ofrecerle un reembolso o cambio completo. Para poder realizar una devoluci\u00f3n, el art\u00edculo debe estar sin usar y en las mismas condiciones en las que lo recibi\u00f3. Tambi\u00e9n debe estar en su embalaje original. Reembolsos [&hellip;]<\/p>\n","protected":false},"author":1,"featured_media":0,"parent":0,"menu_order":0,"comment_status":"closed","ping_status":"closed","template":"","meta":{"om_disable_all_campaigns":false,"_monsterinsights_skip_tracking":false,"_monsterinsights_sitenote_active":false,"_monsterinsights_sitenote_note":"","_monsterinsights_sitenote_category":0,"site-sidebar-layout":"default","site-content-layout":"","ast-site-content-layout":"default","site-content-style":"default","site-sidebar-style":"default","ast-global-header-display":"","ast-banner-title-visibility":"","ast-main-header-display":"","ast-hfb-above-header-display":"","ast-hfb-below-header-display":"","ast-hfb-mobile-header-display":"","site-post-title":"","ast-breadcrumbs-content":"","ast-featured-img":"","footer-sml-layout":"","ast-disable-related-posts":"","theme-transparent-header-meta":"","adv-header-id-meta":"","stick-header-meta":"","header-above-stick-meta":"","header-main-stick-meta":"","header-below-stick-meta":"","astra-migrate-meta-layouts":"default","ast-page-background-enabled":"default","ast-page-background-meta":{"desktop":{"background-color":"var(--ast-global-color-4)","background-image":"","background-repeat":"repeat","background-position":"center center","background-size":"auto","background-attachment":"scroll","background-type":"","background-media":"","overlay-type":"","overlay-color":"","overlay-opacity":"","overlay-gradient":""},"tablet":{"background-color":"","background-image":"","background-repeat":"repeat","background-position":"center center","background-size":"auto","background-attachment":"scroll","background-type":"","background-media":"","overlay-type":"","overlay-color":"","overlay-opacity":"","overlay-gradient":""},"mobile":{"background-color":"","background-image":"","background-repeat":"repeat","background-position":"center center","background-size":"auto","background-attachment":"scroll","background-type":"","background-media":"","overlay-type":"","overlay-color":"","overlay-opacity":"","overlay-gradient":""}},"ast-content-background-meta":{"desktop":{"background-color":"var(--ast-global-color-5)","background-image":"","background-repeat":"repeat","background-position":"center center","background-size":"auto","background-attachment":"scroll","background-type":"","background-media":"","overlay-type":"","overlay-color":"","overlay-opacity":"","overlay-gradient":""},"tablet":{"background-color":"var(--ast-global-color-5)","background-image":"","background-repeat":"repeat","background-position":"center center","background-size":"auto","background-attachment":"scroll","background-type":"","background-media":"","overlay-type":"","overlay-color":"","overlay-opacity":"","overlay-gradient":""},"mobile":{"background-color":"var(--ast-global-color-5)","background-image":"","background-repeat":"repeat","background-position":"center center","background-size":"auto","background-attachment":"scroll","background-type":"","background-media":"","overlay-type":"","overlay-color":"","overlay-opacity":"","overlay-gradient":""}},"footnotes":""},"class_list":["post-10","page","type-page","status-publish","hentry"],"aioseo_notices":[],"_links":{"self":[{"href":"https:\/\/garbo.group\/index.php\/wp-json\/wp\/v2\/pages\/10","targetHints":{"allow":["GET"]}}],"collection":[{"href":"https:\/\/garbo.group\/index.php\/wp-json\/wp\/v2\/pages"}],"about":[{"href":"https:\/\/garbo.group\/index.php\/wp-json\/wp\/v2\/types\/page"}],"author":[{"embeddable":true,"href":"https:\/\/garbo.group\/index.php\/wp-json\/wp\/v2\/users\/1"}],"replies":[{"embeddable":true,"href":"https:\/\/garbo.group\/index.php\/wp-json\/wp\/v2\/comments?post=10"}],"version-history":[{"count":2,"href":"https:\/\/garbo.group\/index.php\/wp-json\/wp\/v2\/pages\/10\/revisions"}],"predecessor-version":[{"id":2722,"href":"https:\/\/garbo.group\/index.php\/wp-json\/wp\/v2\/pages\/10\/revisions\/2722"}],"wp:attachment":[{"href":"https:\/\/garbo.group\/index.php\/wp-json\/wp\/v2\/media?parent=10"}],"curies":[{"name":"wp","href":"https:\/\/api.w.org\/{rel}","templated":true}]}}